{"id":109,"date":"2012-10-09T09:32:50","date_gmt":"2012-10-09T09:32:50","guid":{"rendered":"http:\/\/arthibal.com\/?page_id=109"},"modified":"2012-10-29T11:18:20","modified_gmt":"2012-10-29T11:18:20","slug":"la-empresa","status":"publish","type":"page","link":"http:\/\/arthibal.com\/?page_id=109","title":{"rendered":"La empresa"},"content":{"rendered":"<p>En CARPINTER\u00cdA MET\u00c1LICA ARTHIBAL realizamos una amplia variedad de trabajos de cerrajer\u00eda y carpinter\u00eda met\u00e1lica.<\/p>\n<p>Nuestro campo de actuaci\u00f3n se centra en:<\/p>\n<ul>\n<li>Acero inoxidable<\/li>\n<li>Automatismos<\/li>\n<li>Cerrajer\u00eda art\u00edstica<\/li>\n<li>Herrer\u00edas<\/li>\n<\/ul>\n<p>Fabricamos toda clase de productos met\u00e1licos, con la mejor calidad de acabado, y utilizando los mejores y m\u00e1s avanzados materiales existentes en el mercado:<\/p>\n<ul>\n<li>Estructuras met\u00e1licas en general.<\/li>\n<li>Carpinter\u00eda y trabajos en acero inoxidable.<\/li>\n<li>Soldaduras al arco.<\/li>\n<li>Rejas y enrejados.<\/li>\n<li>Verjas para cerramiento.<\/li>\n<li>Ventanas de aluminio.<\/li>\n<li>Escaleras met\u00e1licas.<\/li>\n<li>Barandillas y decoraciones met\u00e1licas.<\/li>\n<li>Trabajos en forja.<\/li>\n<li>Cerramientos met\u00e1licos de alta calidad, etc.<\/li>\n<\/ul>\n<p>Elaboramos trabajos para:<\/p>\n<ul>\n<li>El sector de la construcci\u00f3n y el metal<\/li>\n<li>Viviendas y chalets<\/li>\n<li>Oficinas \u00a0y comercios<\/li>\n<\/ul>\n<p>En todos los casos, \u00a0aplicamos a nuestros trabajos de forja y cerrajer\u00eda unos criterios de dise\u00f1o elegante y armonioso<\/p>\n","protected":false},"excerpt":{"rendered":"<p>En CARPINTER\u00cdA MET\u00c1LICA ARTHIBAL realizamos una amplia variedad de trabajos de cerrajer\u00eda y carpinter\u00eda met\u00e1lica. Nuestro campo de actuaci\u00f3n se centra en: Acero inoxidable Automatismos Cerrajer\u00eda art\u00edstica Herrer\u00edas Fabricamos toda clase de productos met\u00e1licos, con la mejor calidad de acabado, y utilizando los mejores y m\u00e1s avanzados materiales existentes en el mercado: Estructuras met\u00e1licas en [&hellip;]<\/p>\n","protected":false},"author":1,"featured_media":0,"parent":0,"menu_order":0,"comment_status":"closed","ping_status":"closed","template":"","meta":{"footnotes":""},"class_list":["post-109","page","type-page","status-publish","hentry"],"aioseo_notices":[],"_links":{"self":[{"href":"http:\/\/arthibal.com\/index.php?rest_route=\/wp\/v2\/pages\/109","targetHints":{"allow":["GET"]}}],"collection":[{"href":"http:\/\/arthibal.com\/index.php?rest_route=\/wp\/v2\/pages"}],"about":[{"href":"http:\/\/arthibal.com\/index.php?rest_route=\/wp\/v2\/types\/page"}],"author":[{"embeddable":true,"href":"http:\/\/arthibal.com\/index.php?rest_route=\/wp\/v2\/users\/1"}],"replies":[{"embeddable":true,"href":"http:\/\/arthibal.com\/index.php?rest_route=%2Fwp%2Fv2%2Fcomments&post=109"}],"version-history":[{"count":8,"href":"http:\/\/arthibal.com\/index.php?rest_route=\/wp\/v2\/pages\/109\/revisions"}],"predecessor-version":[{"id":113,"href":"http:\/\/arthibal.com\/index.php?rest_route=\/wp\/v2\/pages\/109\/revisions\/113"}],"wp:attachment":[{"href":"http:\/\/arthibal.com\/index.php?rest_route=%2Fwp%2Fv2%2Fmedia&parent=109"}],"curies":[{"name":"wp","href":"https:\/\/api.w.org\/{rel}","templated":true}]}}